{"id":2885,"date":"2022-03-15T09:59:07","date_gmt":"2022-03-15T09:59:07","guid":{"rendered":"http:\/\/residenciagentilis.com\/quienes-somos\/"},"modified":"2022-03-31T13:18:45","modified_gmt":"2022-03-31T13:18:45","slug":"quienes-somos","status":"publish","type":"page","link":"https:\/\/residenciagentilis.com\/es\/quienes-somos\/","title":{"rendered":"Qui\u00e9nes somos"},"content":{"rendered":"<p><div class=\"fusion-fullwidth fullwidth-box fusion-builder-row-1 fusion-flex-container nonhundred-percent-fullwidth non-hundred-percent-height-scrolling\" style=\"background-color: rgba(255,255,255,0);background-position: center center;background-repeat: no-repeat;border-width: 0px 0px 0px 0px;border-color:var(--awb-color3);border-style:solid;\" ><div class=\"fusion-builder-row fusion-row fusion-flex-align-items-flex-start\" style=\"max-width:1508px;margin-left: calc(-4% \/ 2 );margin-right: calc(-4% \/ 2 );\"><div class=\"fusion-layout-column fusion_builder_column fusion-builder-column-0 fusion_builder_column_1_1 1_1 fusion-flex-column\"><div class=\"fusion-column-wrapper fusion-flex-justify-content-flex-start fusion-content-layout-column\" style=\"background-position:left top;background-repeat:no-repeat;-webkit-background-size:cover;-moz-background-size:cover;-o-background-size:cover;background-size:cover;padding: 0px 0px 0px 0px;\"><div class=\"fusion-text fusion-text-1\" style=\"text-align:center;font-size:20px;color:var(--awb-color4);\"><p>El Hogar Residencia Gentilis es un establecimiento de servicio social sustitutorio del hogar, especializado en el \u00e1mbito de salud mental.<\/p>\n<p>Es un centro concertado acreditado por el Instituto Catal\u00e1n de Asistencia y Servicios Sociales, inscrito en el registro de la Generalitat de Catalu\u00f1a del departamento de Bienestar Social y Familia.<\/p>\n<\/div><div style=\"text-align:center;\"><span class=\" fusion-imageframe imageframe-none imageframe-1 hover-type-none\" style=\"border-radius:4px;\"><img decoding=\"async\" width=\"1200\" height=\"450\" title=\"qui-som2\" src=\"http:\/\/residenciagentilis.com\/wp-content\/uploads\/2022\/03\/qui-som2.jpg\" alt class=\"img-responsive wp-image-363\" srcset=\"https:\/\/residenciagentilis.com\/wp-content\/uploads\/2022\/03\/qui-som2-200x75.jpg 200w, https:\/\/residenciagentilis.com\/wp-content\/uploads\/2022\/03\/qui-som2-400x150.jpg 400w, https:\/\/residenciagentilis.com\/wp-content\/uploads\/2022\/03\/qui-som2-600x225.jpg 600w, https:\/\/residenciagentilis.com\/wp-content\/uploads\/2022\/03\/qui-som2-800x300.jpg 800w, https:\/\/residenciagentilis.com\/wp-content\/uploads\/2022\/03\/qui-som2.jpg 1200w\" sizes=\"(max-width: 640px) 100vw, 1200px\" \/><\/span><\/div><\/div><style type=\"text\/css\">.fusion-body .fusion-builder-column-0{width:100% !important;margin-top : 0px;margin-bottom : 20px;}.fusion-builder-column-0 > .fusion-column-wrapper {padding-top : 0px !important;padding-right : 0px !important;margin-right : 1.92%;padding-bottom : 0px !important;padding-left : 0px !important;margin-left : 1.92%;}@media only screen and (max-width:1024px) {.fusion-body .fusion-builder-column-0{width:100% !important;order : 0;}.fusion-builder-column-0 > .fusion-column-wrapper {margin-right : 1.92%;margin-left : 1.92%;}}@media only screen and (max-width:640px) {.fusion-body .fusion-builder-column-0{width:100% !important;order : 0;}.fusion-builder-column-0 > .fusion-column-wrapper {margin-right : 1.92%;margin-left : 1.92%;}}<\/style><\/div><\/div><style type=\"text\/css\">.fusion-body .fusion-flex-container.fusion-builder-row-1{ padding-top : 0px;margin-top : 0px;padding-right : 0px;padding-bottom : 2%;margin-bottom : 0px;padding-left : 0px;}<\/style><\/div><div class=\"fusion-fullwidth fullwidth-box fusion-builder-row-2 fusion-flex-container nonhundred-percent-fullwidth non-hundred-percent-height-scrolling\" style=\"background-color: var(--awb-color3);background-position: center center;background-repeat: no-repeat;border-width: 0px 0px 0px 0px;border-color:var(--awb-color3);border-style:solid;\" ><div class=\"fusion-builder-row fusion-row fusion-flex-align-items-flex-start\" style=\"max-width:1508px;margin-left: calc(-4% \/ 2 );margin-right: calc(-4% \/ 2 );\"><div class=\"fusion-layout-column fusion_builder_column fusion-builder-column-1 fusion_builder_column_1_1 1_1 fusion-flex-column\"><div class=\"fusion-column-wrapper fusion-flex-justify-content-flex-start fusion-content-layout-column\" style=\"background-position:left top;background-blend-mode: overlay;background-repeat:no-repeat;-webkit-background-size:cover;-moz-background-size:cover;-o-background-size:cover;background-size:cover;padding: 0px 0px 0px 0px;\"><style type=\"text\/css\">@media only screen and (max-width:1024px) {.fusion-title.fusion-title-1{margin-top:10px!important; margin-right:0px!important;margin-bottom:15px!important;margin-left:0px!important;}}@media only screen and (max-width:640px) {.fusion-title.fusion-title-1{margin-top:10px!important; margin-right:0px!important;margin-bottom:10px!important; margin-left:0px!important;}}<\/style><div class=\"fusion-title title fusion-title-1 fusion-sep-none fusion-title-text fusion-title-size-three\" style=\"margin-top:10px;margin-right:0px;margin-bottom:15px;margin-left:0px;\"><h3 class=\"title-heading-left\" style=\"margin:0;\">Transperencia<\/h3><\/div><style type=\"text\/css\">@media only screen and (max-width:1024px) {.fusion-title.fusion-title-2{margin-top:10px!important; margin-right:0px!important;margin-bottom:15px!important;margin-left:0px!important;}}@media only screen and (max-width:640px) {.fusion-title.fusion-title-2{margin-top:10px!important; margin-right:0px!important;margin-bottom:10px!important; margin-left:0px!important;}}<\/style><div class=\"fusion-title title fusion-title-2 fusion-sep-none fusion-title-text fusion-title-size-five\" style=\"margin-top:10px;margin-right:0px;margin-bottom:15px;margin-left:0px;\"><h5 class=\"title-heading-left\" style=\"margin:0;\">Informaci\u00f3n institucional<\/h5><\/div><style type=\"text\/css\">@media only screen and (max-width:1024px) {.fusion-title.fusion-title-3{margin-top:10px!important; margin-right:0px!important;margin-bottom:15px!important;margin-left:0px!important;}}@media only screen and (max-width:640px) {.fusion-title.fusion-title-3{margin-top:10px!important; margin-right:0px!important;margin-bottom:10px!important; margin-left:0px!important;}}<\/style><div class=\"fusion-title title fusion-title-3 fusion-sep-none fusion-title-text fusion-title-size-six\" style=\"margin-top:10px;margin-right:0px;margin-bottom:15px;margin-left:0px;\"><h6 class=\"title-heading-left\" style=\"margin:0;color:var(--awb-color4);\">Funciones y actividad de la entidad<\/h6><\/div><div class=\"fusion-text fusion-text-2\"><p>La <strong>Llar Residencia Gentilis<\/strong> es una entidad privada (Gentilis Grupo, S.L. NIF: B-63336200) de iniciativa mercantil situada en la Calle Cerda\u00f1a, 2, en la urbanizaci\u00f3n Cree Nueva en Corbera de Llobregat.<\/p>\n<p>Se trata de un espacio residencial ubicado en el entorno comunitario de Corbera de Llobregat. Se trata de un espacio residencial ubicado en el entorno comunitario de Corbera de Llobregat. Tiene una capacidad residencial de 50 plazas, 45 de ellas forman parte de la red de salud mental del Instituto Catal\u00e1n de Asistencia y Servicios Sociales (ICASS). Las otras 5 son de gesti\u00f3n privada.<\/p>\n<p>Las Llars Residencia son establecimientos de atenci\u00f3n permanente y flexible en que las personas con enfermedad mental de larga evoluci\u00f3n y problem\u00e1tica social grave pueden vivir las veinticuatro horas y recibir el apoyo de un equipo multidisciplinario de profesionales.<\/p>\n<p>Los profesionales de las Llars Residencia tienen como objetivo la plena integraci\u00f3n y normalizaci\u00f3n social de las personas usuarias, as\u00ed como la prevenci\u00f3n y el tratamiento del deterioro producido por la cronicidad de la enfermedad.<\/p>\n<p>El centro dispone de un equipo t\u00e9cnico multidisciplinario formado por Psic\u00f3loga, Enfermera, Enfermero psiqui\u00e1trico, Trabajadora Social y auxiliares de psiquiatr\u00eda.<\/p>\n<p>Respecto a las 30 plazas gestionadas por el ICASS, el acceso a las Llars Residencia se tramita mediante el programa de ayudas para el acceso a las viviendas con servicios comunes. El usuario o usuaria participa en el coste del servicio mediante una aportaci\u00f3n econ\u00f3mica que se establece en funci\u00f3n de la naturaleza del coste de referencia y su nivel de renta.<\/p>\n<p>El servicio de la Llar Residencia puede tener car\u00e1cter temporal o permanente.<\/p>\n<p>En cuanto a las 20 plazas de gesti\u00f3n privada, el acceso se tramita directamente con el equipo, que valoran si la persona es perfil de la Llar y el usuario tiene que abonar la totalidad del coste ser servicio.<\/p>\n<p>En este caso el servicio de residencia tambi\u00e9n puede tener car\u00e1cter temporal o permanente.<\/p>\n<\/div><\/div><style type=\"text\/css\">.fusion-body .fusion-builder-column-1{width:100% !important;margin-top : 0px;margin-bottom : 0px;}.fusion-builder-column-1 > .fusion-column-wrapper {padding-top : 0px !important;padding-right : 0px !important;margin-right : 1.92%;padding-bottom : 0px !important;padding-left : 0px !important;margin-left : 1.92%;}@media only screen and (max-width:1024px) {.fusion-body .fusion-builder-column-1{width:100% !important;}.fusion-builder-column-1 > .fusion-column-wrapper {margin-right : 1.92%;margin-left : 1.92%;}}@media only screen and (max-width:640px) {.fusion-body .fusion-builder-column-1{width:100% !important;}.fusion-builder-column-1 > .fusion-column-wrapper {margin-right : 1.92%;margin-left : 1.92%;}}<\/style><\/div><\/div><style type=\"text\/css\">.fusion-body .fusion-flex-container.fusion-builder-row-2{ padding-top : 2%;margin-top : 0px;padding-right : 0px;padding-bottom : 2%;margin-bottom : 0px;padding-left : 0px;}<\/style><\/div><div class=\"fusion-fullwidth fullwidth-box fusion-builder-row-3 fusion-flex-container nonhundred-percent-fullwidth non-hundred-percent-height-scrolling\" style=\"background-color: rgba(255,255,255,0);background-position: center center;background-repeat: no-repeat;border-width: 0px 0px 0px 0px;border-color:var(--awb-color3);border-style:solid;\" ><div class=\"fusion-builder-row fusion-row fusion-flex-align-items-flex-start\" style=\"max-width:1508px;margin-left: calc(-4% \/ 2 );margin-right: calc(-4% \/ 2 );\"><div class=\"fusion-layout-column fusion_builder_column fusion-builder-column-2 fusion_builder_column_1_1 1_1 fusion-flex-column\"><div class=\"fusion-column-wrapper fusion-flex-justify-content-flex-start fusion-content-layout-column\" style=\"background-position:left top;background-blend-mode: overlay;background-repeat:no-repeat;-webkit-background-size:cover;-moz-background-size:cover;-o-background-size:cover;background-size:cover;padding: 0px 0px 0px 0px;\"><style type=\"text\/css\">@media only screen and (max-width:1024px) {.fusion-title.fusion-title-4{margin-top:10px!important; margin-right:0px!important;margin-bottom:15px!important;margin-left:0px!important;}}@media only screen and (max-width:640px) {.fusion-title.fusion-title-4{margin-top:10px!important; margin-right:0px!important;margin-bottom:10px!important; margin-left:0px!important;}}<\/style><div class=\"fusion-title title fusion-title-4 fusion-sep-none fusion-title-text fusion-title-size-six\" style=\"margin-top:10px;margin-right:0px;margin-bottom:15px;margin-left:0px;\"><h6 class=\"title-heading-left\" style=\"margin:0;color:var(--awb-color4);\">Principal normativa aplicable<\/h6><\/div><ul class=\"fusion-checklist fusion-checklist-1\" style=\"font-size:16px;line-height:27.2px;\"><li style=\"background-color:rgba(255,255,255,0);padding-bottom:20px;\" class=\"fusion-li-item\"><span style=\"background-color:var(--awb-color4);font-size:14.08px;height:27.2px;width:27.2px;margin-right:11.2px;\" class=\"icon-wrapper circle-yes\"><i class=\"fusion-li-icon fa-angle-right fas\" style=\"color:var(--awb-color1);\" aria-hidden=\"true\"><\/i><\/span><div class=\"fusion-li-item-content\" style=\"margin-left:38.4px;color:var(--awb-color8);\">Ley 12\/2007 de Servicios Sociales de Catalu\u00f1a, la Ley 16\/1996, de 27 de noviembre, reguladora de las actuaciones inspectoras y de control en materia de servicios sociales.<\/div><\/li><li style=\"background-color:rgba(255,255,255,0);padding-bottom:20px;\" class=\"fusion-li-item\"><span style=\"background-color:var(--awb-color4);font-size:14.08px;height:27.2px;width:27.2px;margin-right:11.2px;\" class=\"icon-wrapper circle-yes\"><i class=\"fusion-li-icon fa-angle-right fas\" style=\"color:var(--awb-color1);\" aria-hidden=\"true\"><\/i><\/span><div class=\"fusion-li-item-content\" style=\"margin-left:38.4px;color:var(--awb-color8);\">El Decreto 318\/2006, de 25 de julio, de los servicios de acogida residencial para personas con discapacitado, establece y regula el apoyo que se presta en los servicios de acogida residencial para personas con discapacitado, de las viviendas con servicios comunes para personas con discapacitado y de los servicios de centros residenciales para personas con discapacitado del Sistema Catal\u00e0 de Servicios Sociales y de la Red B\u00e1sica de Servicios Sociales de Responsabilidad P\u00fablica.<\/div><\/li><li style=\"background-color:rgba(255,255,255,0);padding-bottom:20px;\" class=\"fusion-li-item\"><span style=\"background-color:var(--awb-color4);font-size:14.08px;height:27.2px;width:27.2px;margin-right:11.2px;\" class=\"icon-wrapper circle-yes\"><i class=\"fusion-li-icon fa-angle-right fas\" style=\"color:var(--awb-color1);\" aria-hidden=\"true\"><\/i><\/span><div class=\"fusion-li-item-content\" style=\"margin-left:38.4px;color:var(--awb-color8);\">Decreto 176\/2000, de regulaci\u00f3n del Sistema Catal\u00e1n de Servicios Sociales.<\/div><\/li><li style=\"background-color:rgba(255,255,255,0);padding-bottom:20px;\" class=\"fusion-li-item\"><span style=\"background-color:var(--awb-color4);font-size:14.08px;height:27.2px;width:27.2px;margin-right:11.2px;\" class=\"icon-wrapper circle-yes\"><i class=\"fusion-li-icon fa-angle-right fas\" style=\"color:var(--awb-color1);\" aria-hidden=\"true\"><\/i><\/span><div class=\"fusion-li-item-content\" style=\"margin-left:38.4px;color:var(--awb-color8);\">Orden de 20 de abril de 1998, por la cual se establece el Programa de ayudas para el acceso a las viviendas con servicios comunes para personas con disminuci\u00f3n derivada de enfermedad mental.<\/div><\/li><\/ul><style type=\"text\/css\">@media only screen and (max-width:1024px) {.fusion-title.fusion-title-5{margin-top:10px!important; margin-right:0px!important;margin-bottom:15px!important;margin-left:0px!important;}}@media only screen and (max-width:640px) {.fusion-title.fusion-title-5{margin-top:10px!important; margin-right:0px!important;margin-bottom:10px!important; margin-left:0px!important;}}<\/style><div class=\"fusion-title title fusion-title-5 fusion-sep-none fusion-title-text fusion-title-size-six\" style=\"margin-top:10px;margin-right:0px;margin-bottom:15px;margin-left:0px;\"><h6 class=\"title-heading-left\" style=\"margin:0;color:var(--awb-color4);\">Composici\u00f3n del organigrama<\/h6><\/div><div class=\"fusion-text fusion-text-3\"><p><strong>Xavier Bardera Montals<\/strong>, Gerente Gentilis Grups S.L<\/p>\n<p><strong>Rosa Maria Falces Ros<\/strong>, Trabajadora Social, Llar Resid\u00e8ncia Gentilis<\/p>\n<p><strong>Raquel Puigpin\u00f3s Barragan<\/strong>, Coordinadora Llar Resid\u00e8ncia Gentilis<\/p>\n<p><strong>Maria Guerreo Serena<\/strong>, Directora i psic\u00f3loga del centro<\/p>\n<\/div><\/div><style type=\"text\/css\">.fusion-body .fusion-builder-column-2{width:100% !important;margin-top : 0px;margin-bottom : 0px;}.fusion-builder-column-2 > .fusion-column-wrapper {padding-top : 0px !important;padding-right : 0px !important;margin-right : 1.92%;padding-bottom : 0px !important;padding-left : 0px !important;margin-left : 1.92%;}@media only screen and (max-width:1024px) {.fusion-body .fusion-builder-column-2{width:100% !important;}.fusion-builder-column-2 > .fusion-column-wrapper {margin-right : 1.92%;margin-left : 1.92%;}}@media only screen and (max-width:640px) {.fusion-body .fusion-builder-column-2{width:100% !important;}.fusion-builder-column-2 > .fusion-column-wrapper {margin-right : 1.92%;margin-left : 1.92%;}}<\/style><\/div><\/div><style type=\"text\/css\">.fusion-body .fusion-flex-container.fusion-builder-row-3{ padding-top : 2%;margin-top : 0px;padding-right : 0px;padding-bottom : 0px;margin-bottom : 0px;padding-left : 0px;}<\/style><\/div><\/p>\n","protected":false},"excerpt":{"rendered":"","protected":false},"author":2,"featured_media":0,"parent":0,"menu_order":0,"comment_status":"closed","ping_status":"closed","template":"100-width.php","meta":{"footnotes":""},"class_list":["post-2885","page","type-page","status-publish","hentry"],"_links":{"self":[{"href":"https:\/\/residenciagentilis.com\/es\/wp-json\/wp\/v2\/pages\/2885","targetHints":{"allow":["GET"]}}],"collection":[{"href":"https:\/\/residenciagentilis.com\/es\/wp-json\/wp\/v2\/pages"}],"about":[{"href":"https:\/\/residenciagentilis.com\/es\/wp-json\/wp\/v2\/types\/page"}],"author":[{"embeddable":true,"href":"https:\/\/residenciagentilis.com\/es\/wp-json\/wp\/v2\/users\/2"}],"replies":[{"embeddable":true,"href":"https:\/\/residenciagentilis.com\/es\/wp-json\/wp\/v2\/comments?post=2885"}],"version-history":[{"count":4,"href":"https:\/\/residenciagentilis.com\/es\/wp-json\/wp\/v2\/pages\/2885\/revisions"}],"predecessor-version":[{"id":3133,"href":"https:\/\/residenciagentilis.com\/es\/wp-json\/wp\/v2\/pages\/2885\/revisions\/3133"}],"wp:attachment":[{"href":"https:\/\/residenciagentilis.com\/es\/wp-json\/wp\/v2\/media?parent=2885"}],"curies":[{"name":"wp","href":"https:\/\/api.w.org\/{rel}","templated":true}]}}